{"id":1805,"date":"2026-01-03T14:47:22","date_gmt":"2026-01-03T19:47:22","guid":{"rendered":"https:\/\/boostfitplus.com\/?page_id=1805"},"modified":"2026-01-03T14:47:27","modified_gmt":"2026-01-03T19:47:27","slug":"services-entreprises","status":"publish","type":"page","link":"https:\/\/boostfitplus.com\/en\/services-entreprises\/","title":{"rendered":"Services &#8211; entreprises"},"content":{"rendered":"<style>.elementor-1805 .elementor-element.elementor-element-876b58a{--display:flex;}.elementor-1805 .elementor-element.elementor-element-1e73d62{--divider-border-style:rectangles;--divider-color:#3E88A7;--divider-pattern-height:20px;--divider-pattern-size:20px;}.elementor-1805 .elementor-element.elementor-element-1e73d62 .elementor-divider-separator{width:58%;margin:0 auto;margin-center:0;}.elementor-1805 .elementor-element.elementor-element-1e73d62 .elementor-divider{text-align:center;padding-block-start:15px;padding-block-end:15px;}.elementor-1805 .elementor-element.elementor-element-9f10a41{--display:flex;--flex-direction:row;--container-widget-width:initial;--container-widget-height:100%;--container-widget-flex-grow:1;--container-widget-align-self:stretch;--flex-wrap-mobile:wrap;--flex-wrap:nowrap;}.elementor-1805 .elementor-element.elementor-element-9f10a41:not(.elementor-motion-effects-element-type-background), .elementor-1805 .elementor-element.elementor-element-9f10a41 > .elementor-motion-effects-container > .elementor-motion-effects-layer{background-color:#F5512C;}.elementor-1805 .elementor-element.elementor-element-bb95479{--display:flex;}.elementor-1805 .elementor-element.elementor-element-d625dec{text-align:center;}.elementor-1805 .elementor-element.elementor-element-d625dec .elementor-heading-title{font-family:\"Poppins\", Sans-serif;color:#FFFFFF;}.elementor-1805 .elementor-element.elementor-element-53bc798{text-align:justify;font-family:\"Inter\", Sans-serif;color:#FFFFFF;}.elementor-1805 .elementor-element.elementor-element-0803087{--display:flex;--flex-direction:row;--container-widget-width:initial;--container-widget-height:100%;--container-widget-flex-grow:1;--container-widget-align-self:stretch;--flex-wrap-mobile:wrap;}.elementor-1805 .elementor-element.elementor-element-0b92b3d{--divider-border-style:rectangles;--divider-color:#3E88A7;--divider-pattern-height:20px;--divider-pattern-size:20px;}.elementor-1805 .elementor-element.elementor-element-0b92b3d .elementor-divider-separator{width:58%;margin:0 auto;margin-center:0;}.elementor-1805 .elementor-element.elementor-element-0b92b3d .elementor-divider{text-align:center;padding-block-start:15px;padding-block-end:15px;}.elementor-1805 .elementor-element.elementor-element-c6e3f53{--display:grid;--min-height:0px;--e-con-grid-template-columns:repeat(2, 1fr);--e-con-grid-template-rows:repeat(1, 1fr);--grid-auto-flow:row;}.elementor-1805 .elementor-element.elementor-element-ec16c8e{font-family:\"Inter\", Sans-serif;}.elementor-1805 .elementor-element.elementor-element-fa03f2a{font-family:\"Inter\", Sans-serif;}.elementor-1805 .elementor-element.elementor-element-9f84e30{--display:flex;}.elementor-1805 .elementor-element.elementor-element-dca425b{text-align:center;}.elementor-1805 .elementor-element.elementor-element-d4a68a9{--display:flex;}.elementor-1805 .elementor-element.elementor-element-ef679ea .elementor-button{background-color:#3E88A7;font-family:\"Poppins\", Sans-serif;fill:var( --e-global-color-text );color:var( --e-global-color-text );}@media(max-width:1024px){.elementor-1805 .elementor-element.elementor-element-c6e3f53{--grid-auto-flow:row;}}@media(min-width:768px){.elementor-1805 .elementor-element.elementor-element-9f10a41{--width:70%;}.elementor-1805 .elementor-element.elementor-element-c6e3f53{--width:100%;}}@media(max-width:767px){.elementor-1805 .elementor-element.elementor-element-c6e3f53{--e-con-grid-template-columns:repeat(1, 1fr);--grid-auto-flow:row;}}<\/style>\t\t<div data-elementor-type=\"wp-page\" data-elementor-id=\"1805\" class=\"elementor elementor-1805\" data-elementor-post-type=\"page\">\n\t\t\t\t<div class=\"elementor-element elementor-element-876b58a e-flex e-con-boxed e-con e-parent\" data-id=\"876b58a\" data-element_type=\"container\">\n\t\t\t\t\t<div class=\"e-con-inner\">\n\t\t\t\t<div class=\"elementor-element elementor-element-1e73d62 elementor-widget-divider--separator-type-pattern elementor-widget-divider--bg-round elementor-widget-divider--view-line elementor-widget elementor-widget-divider\" data-id=\"1e73d62\" data-element_type=\"widget\" data-widget_type=\"divider.default\">\n\t\t\t\t<div class=\"elementor-widget-container\">\n\t\t\t\t\t\t\t<div class=\"elementor-divider\" style=\"--divider-pattern-url: url(&quot;data:image\/svg+xml,%3Csvg xmlns=&#039;http:\/\/www.w3.org\/2000\/svg&#039; preserveAspectRatio=&#039;none&#039; overflow=&#039;visible&#039; height=&#039;100%&#039; viewBox=&#039;0 0 60 30&#039; fill=&#039;black&#039; stroke=&#039;none&#039;%3E%3Crect x=&#039;15&#039; y=&#039;0&#039; width=&#039;30&#039; height=&#039;30&#039;\/%3E%3C\/svg%3E&quot;);\">\n\t\t\t<span class=\"elementor-divider-separator\">\n\t\t\t\t\t\t<\/span>\n\t\t<\/div>\n\t\t\t\t\t\t<\/div>\n\t\t\t\t<\/div>\n\t\t\t\t\t<\/div>\n\t\t\t\t<\/div>\n\t\t<div class=\"elementor-element elementor-element-9f10a41 e-con-full e-flex e-con e-parent\" data-id=\"9f10a41\" data-element_type=\"container\" data-settings=\"{&quot;background_background&quot;:&quot;classic&quot;}\">\n\t\t<div class=\"elementor-element elementor-element-bb95479 e-con-full e-flex e-con e-child\" data-id=\"bb95479\" data-element_type=\"container\">\n\t\t\t\t<div class=\"elementor-element elementor-element-d625dec elementor-widget elementor-widget-heading\" data-id=\"d625dec\" data-element_type=\"widget\" data-widget_type=\"heading.default\">\n\t\t\t\t<div class=\"elementor-widget-container\">\n\t\t\t\t\t<h2 class=\"elementor-heading-title elementor-size-default\">SERVICES POUR ENTREPRISES<\/h2>\t\t\t\t<\/div>\n\t\t\t\t<\/div>\n\t\t\t\t<div class=\"elementor-element elementor-element-53bc798 elementor-widget elementor-widget-text-editor\" data-id=\"53bc798\" data-element_type=\"widget\" data-widget_type=\"text-editor.default\">\n\t\t\t\t<div class=\"elementor-widget-container\">\n\t\t\t\t\t\t\t\t\t<p data-start=\"323\" data-end=\"639\">Dans un contexte o\u00f9 le rythme de travail s\u2019acc\u00e9l\u00e8re et o\u00f9 les exigences professionnelles sont de plus en plus \u00e9lev\u00e9es, le stress, la fatigue mentale et la s\u00e9dentarit\u00e9 ont un impact direct sur la qualit\u00e9 de vie des employ\u00e9s\u2026 et sur la performance des organisations.<\/p><p data-start=\"323\" data-end=\"639\">De nombreuses \u00e9tudes d\u00e9montrent que l\u2019activit\u00e9 physique r\u00e9guli\u00e8re contribue \u00e0 <strong>r\u00e9duire le stress et l\u2019anxi\u00e9t\u00e9, am\u00e9liorer la concentration et la motivation, augmenter le niveau d\u2019\u00e9nergie au quotidien, favoriser l\u2019engagement et la productivit\u00e9 au travail.<\/strong><\/p><p data-start=\"323\" data-end=\"639\">Chez Boost Fit Plus, nous offrons des programmes de fitness et de bien-\u00eatre directement sur le lieu de travail, con\u00e7us pour s\u2019int\u00e9grer facilement \u00e0 la r\u00e9alit\u00e9 des entreprises d\u2019aujourd\u2019hui.<\/p>\t\t\t\t\t\t\t\t<\/div>\n\t\t\t\t<\/div>\n\t\t\t\t<\/div>\n\t\t\t\t<\/div>\n\t\t<div class=\"elementor-element elementor-element-0803087 e-flex e-con-boxed e-con e-parent\" data-id=\"0803087\" data-element_type=\"container\">\n\t\t\t\t\t<div class=\"e-con-inner\">\n\t\t\t\t<div class=\"elementor-element elementor-element-0b92b3d elementor-widget-divider--separator-type-pattern elementor-widget-divider--bg-round elementor-widget-divider--view-line elementor-widget elementor-widget-divider\" data-id=\"0b92b3d\" data-element_type=\"widget\" data-widget_type=\"divider.default\">\n\t\t\t\t<div class=\"elementor-widget-container\">\n\t\t\t\t\t\t\t<div class=\"elementor-divider\" style=\"--divider-pattern-url: url(&quot;data:image\/svg+xml,%3Csvg xmlns=&#039;http:\/\/www.w3.org\/2000\/svg&#039; preserveAspectRatio=&#039;none&#039; overflow=&#039;visible&#039; height=&#039;100%&#039; viewBox=&#039;0 0 60 30&#039; fill=&#039;black&#039; stroke=&#039;none&#039;%3E%3Crect x=&#039;15&#039; y=&#039;0&#039; width=&#039;30&#039; height=&#039;30&#039;\/%3E%3C\/svg%3E&quot;);\">\n\t\t\t<span class=\"elementor-divider-separator\">\n\t\t\t\t\t\t<\/span>\n\t\t<\/div>\n\t\t\t\t\t\t<\/div>\n\t\t\t\t<\/div>\n\t\t\t\t\t<\/div>\n\t\t\t\t<\/div>\n\t\t<div class=\"elementor-element elementor-element-c6e3f53 e-grid e-con-full e-con e-parent\" data-id=\"c6e3f53\" data-element_type=\"container\">\n\t\t\t\t<div class=\"elementor-element elementor-element-ec16c8e elementor-widget elementor-widget-text-editor\" data-id=\"ec16c8e\" data-element_type=\"widget\" data-widget_type=\"text-editor.default\">\n\t\t\t\t<div class=\"elementor-widget-container\">\n\t\t\t\t\t\t\t\t\t<h3 data-start=\"846\" data-end=\"892\">Une approche simple, accessible et efficace<\/h3><p data-start=\"894\" data-end=\"1049\">Nos services sont pens\u00e9s pour \u00eatre inclusifs et adapt\u00e9s \u00e0 tous les niveaux, sans pression de performance. Les s\u00e9ances se d\u00e9roulent dans vos espaces (salle de r\u00e9union, aire commune, gym d\u2019entreprise) et sont anim\u00e9es par des professionnels qualifi\u00e9s.<\/p><p data-start=\"894\" data-end=\"1049\">Nous proposons notamment :<\/p><ul><li>des cours de fitness de groupe (renforcement, cardio, mobilit\u00e9)<\/li><li>des s\u00e9ances ax\u00e9es sur la gestion du stress et la posture\u00a0<\/li><li>des programmes ponctuels ou r\u00e9currents, selon vos besoins.<\/li><\/ul>\t\t\t\t\t\t\t\t<\/div>\n\t\t\t\t<\/div>\n\t\t\t\t<div class=\"elementor-element elementor-element-fa03f2a elementor-widget elementor-widget-text-editor\" data-id=\"fa03f2a\" data-element_type=\"widget\" data-widget_type=\"text-editor.default\">\n\t\t\t\t<div class=\"elementor-widget-container\">\n\t\t\t\t\t\t\t\t\t<h3 data-start=\"1489\" data-end=\"1554\">Un investissement dans le bien-\u00eatre et la performance<\/h3><p class=\"p1\">En int\u00e9grant l\u2019activit\u00e9 physique au milieu de travail, les entreprises contribuent \u00e0 cr\u00e9er un environnement plus sain, plus mobilisant et plus durable. Les b\u00e9n\u00e9fices se traduisent autant sur le plan humain qu\u2019organisationnel :\u00a0<b>employ\u00e9s plus engag\u00e9s, climat de travail positif et meilleure r\u00e9tention<\/b>.<\/p><p class=\"p1\">Avec Boost Fit Plus, vous offrez \u00e0 vos \u00e9quipes une solution concr\u00e8te pour bouger, d\u00e9crocher et recharger, sans quitter le bureau !\u00a0<\/p>\t\t\t\t\t\t\t\t<\/div>\n\t\t\t\t<\/div>\n\t\t\t\t<\/div>\n\t\t<div class=\"elementor-element elementor-element-9f84e30 e-flex e-con-boxed e-con e-parent\" data-id=\"9f84e30\" data-element_type=\"container\">\n\t\t\t\t\t<div class=\"e-con-inner\">\n\t\t\t\t<div class=\"elementor-element elementor-element-dca425b elementor-widget elementor-widget-text-editor\" data-id=\"dca425b\" data-element_type=\"widget\" data-widget_type=\"text-editor.default\">\n\t\t\t\t<div class=\"elementor-widget-container\">\n\t\t\t\t\t\t\t\t\t<p><strong>Pr\u00eats \u00e0 faire bouger votre \u00e9quipe ?<\/strong><\/p>\t\t\t\t\t\t\t\t<\/div>\n\t\t\t\t<\/div>\n\t\t\t\t\t<\/div>\n\t\t\t\t<\/div>\n\t\t<div class=\"elementor-element elementor-element-d4a68a9 e-flex e-con-boxed e-con e-parent\" data-id=\"d4a68a9\" data-element_type=\"container\">\n\t\t\t\t\t<div class=\"e-con-inner\">\n\t\t\t\t<div class=\"elementor-element elementor-element-ef679ea elementor-align-center elementor-widget elementor-widget-button\" data-id=\"ef679ea\" data-element_type=\"widget\" data-widget_type=\"button.default\">\n\t\t\t\t<div class=\"elementor-widget-container\">\n\t\t\t\t\t\t\t\t\t<div class=\"elementor-button-wrapper\">\n\t\t\t\t\t<a class=\"elementor-button elementor-button-link elementor-size-sm\" href=\"#\">\n\t\t\t\t\t\t<span class=\"elementor-button-content-wrapper\">\n\t\t\t\t\t\t\t\t\t<span class=\"elementor-button-text\">CONTACTEZ-NOUS<\/span>\n\t\t\t\t\t<\/span>\n\t\t\t\t\t<\/a>\n\t\t\t\t<\/div>\n\t\t\t\t\t\t\t\t<\/div>\n\t\t\t\t<\/div>\n\t\t\t\t\t<\/div>\n\t\t\t\t<\/div>\n\t\t\t\t<\/div>","protected":false},"excerpt":{"rendered":"<p>SERVICES POUR ENTREPRISES Dans un contexte o\u00f9 le rythme de travail s\u2019acc\u00e9l\u00e8re et o\u00f9 les exigences professionnelles sont de plus en plus \u00e9lev\u00e9es, le stress, la fatigue mentale et la s\u00e9dentarit\u00e9 ont un impact direct sur la qualit\u00e9 de vie des employ\u00e9s\u2026 et sur la performance des organisations. De nombreuses \u00e9tudes d\u00e9montrent que l\u2019activit\u00e9 physique [&hellip;]<\/p>","protected":false},"author":4,"featured_media":0,"parent":0,"menu_order":0,"comment_status":"closed","ping_status":"closed","template":"elementor_header_footer","meta":{"inline_featured_image":false,"footnotes":""},"class_list":["post-1805","page","type-page","status-publish","hentry"],"_links":{"self":[{"href":"https:\/\/boostfitplus.com\/en\/wp-json\/wp\/v2\/pages\/1805","targetHints":{"allow":["GET"]}}],"collection":[{"href":"https:\/\/boostfitplus.com\/en\/wp-json\/wp\/v2\/pages"}],"about":[{"href":"https:\/\/boostfitplus.com\/en\/wp-json\/wp\/v2\/types\/page"}],"author":[{"embeddable":true,"href":"https:\/\/boostfitplus.com\/en\/wp-json\/wp\/v2\/users\/4"}],"replies":[{"embeddable":true,"href":"https:\/\/boostfitplus.com\/en\/wp-json\/wp\/v2\/comments?post=1805"}],"version-history":[{"count":7,"href":"https:\/\/boostfitplus.com\/en\/wp-json\/wp\/v2\/pages\/1805\/revisions"}],"predecessor-version":[{"id":1812,"href":"https:\/\/boostfitplus.com\/en\/wp-json\/wp\/v2\/pages\/1805\/revisions\/1812"}],"wp:attachment":[{"href":"https:\/\/boostfitplus.com\/en\/wp-json\/wp\/v2\/media?parent=1805"}],"curies":[{"name":"wp","href":"https:\/\/api.w.org\/{rel}","templated":true}]}}