{"id":1800,"date":"2026-01-03T14:05:42","date_gmt":"2026-01-03T19:05:42","guid":{"rendered":"https:\/\/boostfitplus.com\/?page_id=1800"},"modified":"2026-01-03T14:49:43","modified_gmt":"2026-01-03T19:49:43","slug":"services-locataires","status":"publish","type":"page","link":"https:\/\/boostfitplus.com\/en\/services-locataires\/","title":{"rendered":"Services &#8211; locataires"},"content":{"rendered":"<style>.elementor-1800 .elementor-element.elementor-element-876b58a{--display:flex;}.elementor-1800 .elementor-element.elementor-element-1e73d62{--divider-border-style:rectangles;--divider-color:#3E88A7;--divider-pattern-height:20px;--divider-pattern-size:20px;}.elementor-1800 .elementor-element.elementor-element-1e73d62 .elementor-divider-separator{width:58%;margin:0 auto;margin-center:0;}.elementor-1800 .elementor-element.elementor-element-1e73d62 .elementor-divider{text-align:center;padding-block-start:15px;padding-block-end:15px;}.elementor-1800 .elementor-element.elementor-element-9f10a41{--display:flex;--flex-direction:row;--container-widget-width:initial;--container-widget-height:100%;--container-widget-flex-grow:1;--container-widget-align-self:stretch;--flex-wrap-mobile:wrap;--flex-wrap:nowrap;}.elementor-1800 .elementor-element.elementor-element-9f10a41:not(.elementor-motion-effects-element-type-background), .elementor-1800 .elementor-element.elementor-element-9f10a41 > .elementor-motion-effects-container > .elementor-motion-effects-layer{background-color:#F5512C;}.elementor-1800 .elementor-element.elementor-element-bb95479{--display:flex;}.elementor-1800 .elementor-element.elementor-element-d625dec{text-align:center;}.elementor-1800 .elementor-element.elementor-element-d625dec .elementor-heading-title{font-family:\"Poppins\", Sans-serif;color:#FFFFFF;}.elementor-1800 .elementor-element.elementor-element-53bc798{text-align:justify;font-family:\"Inter\", Sans-serif;color:#FFFFFF;}.elementor-1800 .elementor-element.elementor-element-0803087{--display:flex;--flex-direction:row;--container-widget-width:initial;--container-widget-height:100%;--container-widget-flex-grow:1;--container-widget-align-self:stretch;--flex-wrap-mobile:wrap;}.elementor-1800 .elementor-element.elementor-element-0b92b3d{--divider-border-style:rectangles;--divider-color:#3E88A7;--divider-pattern-height:20px;--divider-pattern-size:20px;}.elementor-1800 .elementor-element.elementor-element-0b92b3d .elementor-divider-separator{width:58%;margin:0 auto;margin-center:0;}.elementor-1800 .elementor-element.elementor-element-0b92b3d .elementor-divider{text-align:center;padding-block-start:15px;padding-block-end:15px;}.elementor-1800 .elementor-element.elementor-element-c6e3f53{--display:grid;--min-height:0px;--e-con-grid-template-columns:repeat(2, 1fr);--e-con-grid-template-rows:repeat(1, 1fr);--grid-auto-flow:row;}.elementor-1800 .elementor-element.elementor-element-ec16c8e{font-family:\"Inter\", Sans-serif;}.elementor-1800 .elementor-element.elementor-element-fa03f2a{font-family:\"Inter\", Sans-serif;}.elementor-1800 .elementor-element.elementor-element-9f84e30{--display:flex;}.elementor-1800 .elementor-element.elementor-element-dca425b{text-align:center;}.elementor-1800 .elementor-element.elementor-element-d4a68a9{--display:flex;}.elementor-1800 .elementor-element.elementor-element-ef679ea .elementor-button{background-color:#3E88A7;font-family:\"Poppins\", Sans-serif;fill:var( --e-global-color-text );color:var( --e-global-color-text );}@media(max-width:1024px){.elementor-1800 .elementor-element.elementor-element-c6e3f53{--grid-auto-flow:row;}}@media(min-width:768px){.elementor-1800 .elementor-element.elementor-element-9f10a41{--width:70%;}.elementor-1800 .elementor-element.elementor-element-c6e3f53{--width:100%;}}@media(max-width:767px){.elementor-1800 .elementor-element.elementor-element-c6e3f53{--e-con-grid-template-columns:repeat(1, 1fr);--grid-auto-flow:row;}}<\/style>\t\t<div data-elementor-type=\"wp-page\" data-elementor-id=\"1800\" class=\"elementor elementor-1800\" data-elementor-post-type=\"page\">\n\t\t\t\t<div class=\"elementor-element elementor-element-876b58a e-flex e-con-boxed e-con e-parent\" data-id=\"876b58a\" data-element_type=\"container\">\n\t\t\t\t\t<div class=\"e-con-inner\">\n\t\t\t\t<div class=\"elementor-element elementor-element-1e73d62 elementor-widget-divider--separator-type-pattern elementor-widget-divider--bg-round elementor-widget-divider--view-line elementor-widget elementor-widget-divider\" data-id=\"1e73d62\" data-element_type=\"widget\" data-widget_type=\"divider.default\">\n\t\t\t\t<div class=\"elementor-widget-container\">\n\t\t\t\t\t\t\t<div class=\"elementor-divider\" style=\"--divider-pattern-url: url(&quot;data:image\/svg+xml,%3Csvg xmlns=&#039;http:\/\/www.w3.org\/2000\/svg&#039; preserveAspectRatio=&#039;none&#039; overflow=&#039;visible&#039; height=&#039;100%&#039; viewBox=&#039;0 0 60 30&#039; fill=&#039;black&#039; stroke=&#039;none&#039;%3E%3Crect x=&#039;15&#039; y=&#039;0&#039; width=&#039;30&#039; height=&#039;30&#039;\/%3E%3C\/svg%3E&quot;);\">\n\t\t\t<span class=\"elementor-divider-separator\">\n\t\t\t\t\t\t<\/span>\n\t\t<\/div>\n\t\t\t\t\t\t<\/div>\n\t\t\t\t<\/div>\n\t\t\t\t\t<\/div>\n\t\t\t\t<\/div>\n\t\t<div class=\"elementor-element elementor-element-9f10a41 e-con-full e-flex e-con e-parent\" data-id=\"9f10a41\" data-element_type=\"container\" data-settings=\"{&quot;background_background&quot;:&quot;classic&quot;}\">\n\t\t<div class=\"elementor-element elementor-element-bb95479 e-con-full e-flex e-con e-child\" data-id=\"bb95479\" data-element_type=\"container\">\n\t\t\t\t<div class=\"elementor-element elementor-element-d625dec elementor-widget elementor-widget-heading\" data-id=\"d625dec\" data-element_type=\"widget\" data-widget_type=\"heading.default\">\n\t\t\t\t<div class=\"elementor-widget-container\">\n\t\t\t\t\t<h2 class=\"elementor-heading-title elementor-size-default\">SERVICES POUR LOCATAIRES<\/h2>\t\t\t\t<\/div>\n\t\t\t\t<\/div>\n\t\t\t\t<div class=\"elementor-element elementor-element-53bc798 elementor-widget elementor-widget-text-editor\" data-id=\"53bc798\" data-element_type=\"widget\" data-widget_type=\"text-editor.default\">\n\t\t\t\t<div class=\"elementor-widget-container\">\n\t\t\t\t\t\t\t\t\t<p data-start=\"323\" data-end=\"639\">Dans les immeubles r\u00e9sidentiels d\u2019aujourd\u2019hui, la qualit\u00e9 de vie passe aussi par l\u2019acc\u00e8s \u00e0 des services de bien-\u00eatre <strong data-start=\"440\" data-end=\"489\">simples, accessibles et directement sur place<\/strong>. Offrir des activit\u00e9s encadr\u00e9es permet aux r\u00e9sidents de bouger davantage, de prendre soin d\u2019eux et de profiter pleinement des installations communes.<\/p><p data-start=\"641\" data-end=\"839\">Chez <strong data-start=\"646\" data-end=\"664\">Boost Fit Plus<\/strong>, nous proposons des <strong data-start=\"685\" data-end=\"778\">programmes de fitness et de bien-\u00eatre con\u00e7us sp\u00e9cialement pour les locataires d\u2019immeubles<\/strong>, adapt\u00e9s aux espaces disponibles et au rythme de vie urbain.<\/p>\t\t\t\t\t\t\t\t<\/div>\n\t\t\t\t<\/div>\n\t\t\t\t<\/div>\n\t\t\t\t<\/div>\n\t\t<div class=\"elementor-element elementor-element-0803087 e-flex e-con-boxed e-con e-parent\" data-id=\"0803087\" data-element_type=\"container\">\n\t\t\t\t\t<div class=\"e-con-inner\">\n\t\t\t\t<div class=\"elementor-element elementor-element-0b92b3d elementor-widget-divider--separator-type-pattern elementor-widget-divider--bg-round elementor-widget-divider--view-line elementor-widget elementor-widget-divider\" data-id=\"0b92b3d\" data-element_type=\"widget\" data-widget_type=\"divider.default\">\n\t\t\t\t<div class=\"elementor-widget-container\">\n\t\t\t\t\t\t\t<div class=\"elementor-divider\" style=\"--divider-pattern-url: url(&quot;data:image\/svg+xml,%3Csvg xmlns=&#039;http:\/\/www.w3.org\/2000\/svg&#039; preserveAspectRatio=&#039;none&#039; overflow=&#039;visible&#039; height=&#039;100%&#039; viewBox=&#039;0 0 60 30&#039; fill=&#039;black&#039; stroke=&#039;none&#039;%3E%3Crect x=&#039;15&#039; y=&#039;0&#039; width=&#039;30&#039; height=&#039;30&#039;\/%3E%3C\/svg%3E&quot;);\">\n\t\t\t<span class=\"elementor-divider-separator\">\n\t\t\t\t\t\t<\/span>\n\t\t<\/div>\n\t\t\t\t\t\t<\/div>\n\t\t\t\t<\/div>\n\t\t\t\t\t<\/div>\n\t\t\t\t<\/div>\n\t\t<div class=\"elementor-element elementor-element-c6e3f53 e-grid e-con-full e-con e-parent\" data-id=\"c6e3f53\" data-element_type=\"container\">\n\t\t\t\t<div class=\"elementor-element elementor-element-ec16c8e elementor-widget elementor-widget-text-editor\" data-id=\"ec16c8e\" data-element_type=\"widget\" data-widget_type=\"text-editor.default\">\n\t\t\t\t<div class=\"elementor-widget-container\">\n\t\t\t\t\t\t\t\t\t<h3 data-start=\"846\" data-end=\"892\">Une offre vari\u00e9e, accessible et conviviale<\/h3><p data-start=\"894\" data-end=\"1049\">Nos services visent \u00e0 initier et accompagner les r\u00e9sidents, peu importe leur niveau, dans une approche inclusive et sans pression. Nous offrons notamment :<\/p><ul data-start=\"1050\" data-end=\"1309\"><li data-start=\"1050\" data-end=\"1096\"><p data-start=\"1052\" data-end=\"1096\">des cours d\u2019introduction \u00e0 la mise en forme,<\/p><\/li><li data-start=\"1097\" data-end=\"1134\"><p data-start=\"1099\" data-end=\"1134\">des s\u00e9ances d\u2019aquaforme en piscine,<\/p><\/li><li data-start=\"1135\" data-end=\"1211\"><p data-start=\"1137\" data-end=\"1211\">des cours de groupe ax\u00e9s sur la mobilit\u00e9, le renforcement et le bien-\u00eatre,<\/p><\/li><li data-start=\"1212\" data-end=\"1309\"><p data-start=\"1214\" data-end=\"1309\">des ateliers anim\u00e9s par des professionnels du bien-\u00eatre (nutritionnistes, kin\u00e9siologues, etc.).<\/p><\/li><\/ul>\t\t\t\t\t\t\t\t<\/div>\n\t\t\t\t<\/div>\n\t\t\t\t<div class=\"elementor-element elementor-element-fa03f2a elementor-widget elementor-widget-text-editor\" data-id=\"fa03f2a\" data-element_type=\"widget\" data-widget_type=\"text-editor.default\">\n\t\t\t\t<div class=\"elementor-widget-container\">\n\t\t\t\t\t\t\t\t\t<h3 data-start=\"1489\" data-end=\"1554\">Valoriser les espaces et renforcer le sentiment de communaut\u00e9<\/h3><p data-start=\"1556\" data-end=\"1864\">Les activit\u00e9s se d\u00e9roulent dans les <strong data-start=\"1347\" data-end=\"1380\">espaces communs de l\u2019immeuble<\/strong> (gym, piscine, salle polyvalente) et favorisent autant le mouvement que les \u00e9changes entre r\u00e9sidents.<\/p><p data-start=\"1556\" data-end=\"1864\">En int\u00e9grant des services de bien-\u00eatre sur place, les immeubles offrent une <strong data-start=\"1632\" data-end=\"1659\">valeur ajout\u00e9e concr\u00e8te<\/strong> aux locataires tout en dynamisant les espaces communs. Ces initiatives contribuent \u00e0 cr\u00e9er un milieu de vie plus actif, convivial et engageant, o\u00f9 les r\u00e9sidents se sentent bien\u2026 et restent plus longtemps.<\/p><p data-start=\"1866\" data-end=\"2009\">Les programmes Boost Fit Plus sont <strong data-start=\"1901\" data-end=\"1942\">flexibles, modulables et cl\u00e9s en main<\/strong>, facilitant leur int\u00e9gration sans alourdir la gestion quotidienne.<\/p>\t\t\t\t\t\t\t\t<\/div>\n\t\t\t\t<\/div>\n\t\t\t\t<\/div>\n\t\t<div class=\"elementor-element elementor-element-9f84e30 e-flex e-con-boxed e-con e-parent\" data-id=\"9f84e30\" data-element_type=\"container\">\n\t\t\t\t\t<div class=\"e-con-inner\">\n\t\t\t\t<div class=\"elementor-element elementor-element-dca425b elementor-widget elementor-widget-text-editor\" data-id=\"dca425b\" data-element_type=\"widget\" data-widget_type=\"text-editor.default\">\n\t\t\t\t<div class=\"elementor-widget-container\">\n\t\t\t\t\t\t\t\t\t<p><strong><span style=\"font-family: Inter, sans-serif; letter-spacing: 0.4px;\">Pr\u00eats \u00e0 offrir plus \u00e0 vos r\u00e9sidents ?\u00a0<\/span><\/strong><\/p>\t\t\t\t\t\t\t\t<\/div>\n\t\t\t\t<\/div>\n\t\t\t\t\t<\/div>\n\t\t\t\t<\/div>\n\t\t<div class=\"elementor-element elementor-element-d4a68a9 e-flex e-con-boxed e-con e-parent\" data-id=\"d4a68a9\" data-element_type=\"container\">\n\t\t\t\t\t<div class=\"e-con-inner\">\n\t\t\t\t<div class=\"elementor-element elementor-element-ef679ea elementor-align-center elementor-widget elementor-widget-button\" data-id=\"ef679ea\" data-element_type=\"widget\" data-widget_type=\"button.default\">\n\t\t\t\t<div class=\"elementor-widget-container\">\n\t\t\t\t\t\t\t\t\t<div class=\"elementor-button-wrapper\">\n\t\t\t\t\t<a class=\"elementor-button elementor-button-link elementor-size-sm\" href=\"#\">\n\t\t\t\t\t\t<span class=\"elementor-button-content-wrapper\">\n\t\t\t\t\t\t\t\t\t<span class=\"elementor-button-text\">CONTACTEZ-NOUS<\/span>\n\t\t\t\t\t<\/span>\n\t\t\t\t\t<\/a>\n\t\t\t\t<\/div>\n\t\t\t\t\t\t\t\t<\/div>\n\t\t\t\t<\/div>\n\t\t\t\t\t<\/div>\n\t\t\t\t<\/div>\n\t\t\t\t<\/div>","protected":false},"excerpt":{"rendered":"<p>SERVICES POUR LOCATAIRES Dans les immeubles r\u00e9sidentiels d\u2019aujourd\u2019hui, la qualit\u00e9 de vie passe aussi par l\u2019acc\u00e8s \u00e0 des services de bien-\u00eatre simples, accessibles et directement sur place. Offrir des activit\u00e9s encadr\u00e9es permet aux r\u00e9sidents de bouger davantage, de prendre soin d\u2019eux et de profiter pleinement des installations communes. Chez Boost Fit Plus, nous proposons des [&hellip;]<\/p>","protected":false},"author":4,"featured_media":0,"parent":0,"menu_order":0,"comment_status":"closed","ping_status":"closed","template":"elementor_header_footer","meta":{"inline_featured_image":false,"footnotes":""},"class_list":["post-1800","page","type-page","status-publish","hentry"],"_links":{"self":[{"href":"https:\/\/boostfitplus.com\/en\/wp-json\/wp\/v2\/pages\/1800","targetHints":{"allow":["GET"]}}],"collection":[{"href":"https:\/\/boostfitplus.com\/en\/wp-json\/wp\/v2\/pages"}],"about":[{"href":"https:\/\/boostfitplus.com\/en\/wp-json\/wp\/v2\/types\/page"}],"author":[{"embeddable":true,"href":"https:\/\/boostfitplus.com\/en\/wp-json\/wp\/v2\/users\/4"}],"replies":[{"embeddable":true,"href":"https:\/\/boostfitplus.com\/en\/wp-json\/wp\/v2\/comments?post=1800"}],"version-history":[{"count":3,"href":"https:\/\/boostfitplus.com\/en\/wp-json\/wp\/v2\/pages\/1800\/revisions"}],"predecessor-version":[{"id":1824,"href":"https:\/\/boostfitplus.com\/en\/wp-json\/wp\/v2\/pages\/1800\/revisions\/1824"}],"wp:attachment":[{"href":"https:\/\/boostfitplus.com\/en\/wp-json\/wp\/v2\/media?parent=1800"}],"curies":[{"name":"wp","href":"https:\/\/api.w.org\/{rel}","templated":true}]}}