{"id":1787,"date":"2026-01-03T14:12:11","date_gmt":"2026-01-03T19:12:11","guid":{"rendered":"https:\/\/boostfitplus.com\/?page_id=1787"},"modified":"2026-01-03T14:49:55","modified_gmt":"2026-01-03T19:49:55","slug":"services-aines","status":"publish","type":"page","link":"https:\/\/boostfitplus.com\/en\/services-aines\/","title":{"rendered":"Services &#8211; ain\u00e9s"},"content":{"rendered":"<style>.elementor-1787 .elementor-element.elementor-element-876b58a{--display:flex;}.elementor-1787 .elementor-element.elementor-element-1e73d62{--divider-border-style:rectangles;--divider-color:#3E88A7;--divider-pattern-height:20px;--divider-pattern-size:20px;}.elementor-1787 .elementor-element.elementor-element-1e73d62 .elementor-divider-separator{width:58%;margin:0 auto;margin-center:0;}.elementor-1787 .elementor-element.elementor-element-1e73d62 .elementor-divider{text-align:center;padding-block-start:15px;padding-block-end:15px;}.elementor-1787 .elementor-element.elementor-element-9f10a41{--display:flex;--flex-direction:row;--container-widget-width:initial;--container-widget-height:100%;--container-widget-flex-grow:1;--container-widget-align-self:stretch;--flex-wrap-mobile:wrap;--flex-wrap:nowrap;}.elementor-1787 .elementor-element.elementor-element-9f10a41:not(.elementor-motion-effects-element-type-background), .elementor-1787 .elementor-element.elementor-element-9f10a41 > .elementor-motion-effects-container > .elementor-motion-effects-layer{background-color:#F5512C;}.elementor-1787 .elementor-element.elementor-element-bb95479{--display:flex;}.elementor-1787 .elementor-element.elementor-element-d625dec{text-align:center;}.elementor-1787 .elementor-element.elementor-element-d625dec .elementor-heading-title{font-family:\"Poppins\", Sans-serif;color:#FFFFFF;}.elementor-1787 .elementor-element.elementor-element-53bc798{text-align:justify;font-family:\"Inter\", Sans-serif;color:#FFFFFF;}.elementor-1787 .elementor-element.elementor-element-0803087{--display:flex;--flex-direction:row;--container-widget-width:initial;--container-widget-height:100%;--container-widget-flex-grow:1;--container-widget-align-self:stretch;--flex-wrap-mobile:wrap;}.elementor-1787 .elementor-element.elementor-element-0b92b3d{--divider-border-style:rectangles;--divider-color:#3E88A7;--divider-pattern-height:20px;--divider-pattern-size:20px;}.elementor-1787 .elementor-element.elementor-element-0b92b3d .elementor-divider-separator{width:58%;margin:0 auto;margin-center:0;}.elementor-1787 .elementor-element.elementor-element-0b92b3d .elementor-divider{text-align:center;padding-block-start:15px;padding-block-end:15px;}.elementor-1787 .elementor-element.elementor-element-c6e3f53{--display:grid;--min-height:0px;--e-con-grid-template-columns:repeat(2, 1fr);--e-con-grid-template-rows:repeat(1, 1fr);--grid-auto-flow:row;}.elementor-1787 .elementor-element.elementor-element-ec16c8e{font-family:\"Inter\", Sans-serif;}.elementor-1787 .elementor-element.elementor-element-fa03f2a{font-family:\"Inter\", Sans-serif;}.elementor-1787 .elementor-element.elementor-element-9f84e30{--display:flex;}.elementor-1787 .elementor-element.elementor-element-dca425b{text-align:center;}.elementor-1787 .elementor-element.elementor-element-d4a68a9{--display:flex;}.elementor-1787 .elementor-element.elementor-element-ef679ea .elementor-button{background-color:#3E88A7;font-family:\"Poppins\", Sans-serif;fill:var( --e-global-color-text );color:var( --e-global-color-text );}@media(max-width:1024px){.elementor-1787 .elementor-element.elementor-element-c6e3f53{--grid-auto-flow:row;}}@media(min-width:768px){.elementor-1787 .elementor-element.elementor-element-9f10a41{--width:70%;}.elementor-1787 .elementor-element.elementor-element-c6e3f53{--width:100%;}}@media(max-width:767px){.elementor-1787 .elementor-element.elementor-element-c6e3f53{--e-con-grid-template-columns:repeat(1, 1fr);--grid-auto-flow:row;}}<\/style>\t\t<div data-elementor-type=\"wp-page\" data-elementor-id=\"1787\" class=\"elementor elementor-1787\" data-elementor-post-type=\"page\">\n\t\t\t\t<div class=\"elementor-element elementor-element-876b58a e-flex e-con-boxed e-con e-parent\" data-id=\"876b58a\" data-element_type=\"container\">\n\t\t\t\t\t<div class=\"e-con-inner\">\n\t\t\t\t<div class=\"elementor-element elementor-element-1e73d62 elementor-widget-divider--separator-type-pattern elementor-widget-divider--bg-round elementor-widget-divider--view-line elementor-widget elementor-widget-divider\" data-id=\"1e73d62\" data-element_type=\"widget\" data-widget_type=\"divider.default\">\n\t\t\t\t<div class=\"elementor-widget-container\">\n\t\t\t\t\t\t\t<div class=\"elementor-divider\" style=\"--divider-pattern-url: url(&quot;data:image\/svg+xml,%3Csvg xmlns=&#039;http:\/\/www.w3.org\/2000\/svg&#039; preserveAspectRatio=&#039;none&#039; overflow=&#039;visible&#039; height=&#039;100%&#039; viewBox=&#039;0 0 60 30&#039; fill=&#039;black&#039; stroke=&#039;none&#039;%3E%3Crect x=&#039;15&#039; y=&#039;0&#039; width=&#039;30&#039; height=&#039;30&#039;\/%3E%3C\/svg%3E&quot;);\">\n\t\t\t<span class=\"elementor-divider-separator\">\n\t\t\t\t\t\t<\/span>\n\t\t<\/div>\n\t\t\t\t\t\t<\/div>\n\t\t\t\t<\/div>\n\t\t\t\t\t<\/div>\n\t\t\t\t<\/div>\n\t\t<div class=\"elementor-element elementor-element-9f10a41 e-con-full e-flex e-con e-parent\" data-id=\"9f10a41\" data-element_type=\"container\" data-settings=\"{&quot;background_background&quot;:&quot;classic&quot;}\">\n\t\t<div class=\"elementor-element elementor-element-bb95479 e-con-full e-flex e-con e-child\" data-id=\"bb95479\" data-element_type=\"container\">\n\t\t\t\t<div class=\"elementor-element elementor-element-d625dec elementor-widget elementor-widget-heading\" data-id=\"d625dec\" data-element_type=\"widget\" data-widget_type=\"heading.default\">\n\t\t\t\t<div class=\"elementor-widget-container\">\n\t\t\t\t\t<h2 class=\"elementor-heading-title elementor-size-default\">SERVICES POUR A\u00ceN\u00c9S<\/h2>\t\t\t\t<\/div>\n\t\t\t\t<\/div>\n\t\t\t\t<div class=\"elementor-element elementor-element-53bc798 elementor-widget elementor-widget-text-editor\" data-id=\"53bc798\" data-element_type=\"widget\" data-widget_type=\"text-editor.default\">\n\t\t\t\t<div class=\"elementor-widget-container\">\n\t\t\t\t\t\t\t\t\t<p data-start=\"323\" data-end=\"639\">Avec l\u2019\u00e2ge, maintenir un mode de vie actif devient un \u00e9l\u00e9ment cl\u00e9 pour pr\u00e9server la mobilit\u00e9, l\u2019autonomie et le bien-\u00eatre global. Dans les r\u00e9sidences pour a\u00een\u00e9s, offrir des activit\u00e9s physiques adapt\u00e9es contribue directement \u00e0 la <strong>qualit\u00e9 de vie des r\u00e9sidents<\/strong>, tant sur le plan physique que mental.<\/p><p>Il est reconnu que l\u2019activit\u00e9 physique r\u00e9guli\u00e8re chez les a\u00een\u00e9s permet notamment de :<\/p><ul><li>am\u00e9liorer l\u2019\u00e9quilibre et la coordination<\/li><li>pr\u00e9server la force musculaire et la mobilit\u00e9<\/li><li>r\u00e9duire les risques de chutes<\/li><li>soutenir la sant\u00e9 cognitive et l\u2019humeur<\/li><li>favoriser les interactions sociales et le sentiment d\u2019appartenance<\/li><\/ul>\t\t\t\t\t\t\t\t<\/div>\n\t\t\t\t<\/div>\n\t\t\t\t<\/div>\n\t\t\t\t<\/div>\n\t\t<div class=\"elementor-element elementor-element-0803087 e-flex e-con-boxed e-con e-parent\" data-id=\"0803087\" data-element_type=\"container\">\n\t\t\t\t\t<div class=\"e-con-inner\">\n\t\t\t\t<div class=\"elementor-element elementor-element-0b92b3d elementor-widget-divider--separator-type-pattern elementor-widget-divider--bg-round elementor-widget-divider--view-line elementor-widget elementor-widget-divider\" data-id=\"0b92b3d\" data-element_type=\"widget\" data-widget_type=\"divider.default\">\n\t\t\t\t<div class=\"elementor-widget-container\">\n\t\t\t\t\t\t\t<div class=\"elementor-divider\" style=\"--divider-pattern-url: url(&quot;data:image\/svg+xml,%3Csvg xmlns=&#039;http:\/\/www.w3.org\/2000\/svg&#039; preserveAspectRatio=&#039;none&#039; overflow=&#039;visible&#039; height=&#039;100%&#039; viewBox=&#039;0 0 60 30&#039; fill=&#039;black&#039; stroke=&#039;none&#039;%3E%3Crect x=&#039;15&#039; y=&#039;0&#039; width=&#039;30&#039; height=&#039;30&#039;\/%3E%3C\/svg%3E&quot;);\">\n\t\t\t<span class=\"elementor-divider-separator\">\n\t\t\t\t\t\t<\/span>\n\t\t<\/div>\n\t\t\t\t\t\t<\/div>\n\t\t\t\t<\/div>\n\t\t\t\t\t<\/div>\n\t\t\t\t<\/div>\n\t\t<div class=\"elementor-element elementor-element-c6e3f53 e-grid e-con-full e-con e-parent\" data-id=\"c6e3f53\" data-element_type=\"container\">\n\t\t\t\t<div class=\"elementor-element elementor-element-ec16c8e elementor-widget elementor-widget-text-editor\" data-id=\"ec16c8e\" data-element_type=\"widget\" data-widget_type=\"text-editor.default\">\n\t\t\t\t<div class=\"elementor-widget-container\">\n\t\t\t\t\t\t\t\t\t<h3 data-start=\"846\" data-end=\"892\">Une approche s\u00e9curitaire, adapt\u00e9e et bienveillante<\/h3><p data-start=\"894\" data-end=\"1049\">Nous proposons des programmes de fitness adapt\u00e9s, offerts directement au sein des r\u00e9sidences, dans un environnement s\u00e9curitaire et encadr\u00e9 par des professionnels qualifi\u00e9s.<\/p><p data-start=\"894\" data-end=\"1049\">Nos s\u00e9ances sont con\u00e7ues pour respecter le rythme, les capacit\u00e9s et les besoins des r\u00e9sidents. Elles peuvent \u00eatre r\u00e9alis\u00e9es sur chaise ou debout, en petits groupe, avec ou sans mat\u00e9riel, dans les espaces communs de la r\u00e9sidence.<\/p><p data-start=\"894\" data-end=\"1049\">Chaque visite est pens\u00e9e pour \u00eatre accessible, stimulante et s\u00e9curitaire, sans notion de performance.<\/p>\t\t\t\t\t\t\t\t<\/div>\n\t\t\t\t<\/div>\n\t\t\t\t<div class=\"elementor-element elementor-element-fa03f2a elementor-widget elementor-widget-text-editor\" data-id=\"fa03f2a\" data-element_type=\"widget\" data-widget_type=\"text-editor.default\">\n\t\t\t\t<div class=\"elementor-widget-container\">\n\t\t\t\t\t\t\t\t\t<h3 data-start=\"1489\" data-end=\"1554\">Favoriser l\u2019autonomie et le mieux-\u00eatre au quotidien<\/h3><p data-start=\"1556\" data-end=\"1864\">En int\u00e9grant des activit\u00e9s physiques adapt\u00e9es \u00e0 la vie en r\u00e9sidence, vous contribuez \u00e0 maintenir l\u2019autonomie des r\u00e9sidents, \u00e0 soutenir leur bien-\u00eatre mental et \u00e0 cr\u00e9er un environnement plus dynamique et humain.<\/p><p data-start=\"1556\" data-end=\"1864\">Les programmes Boost Fit Plus s\u2019inscrivent dans une d\u00e9marche de pr\u00e9vention, de qualit\u00e9 de vie et de valorisation des espaces communs, tout en offrant un service cl\u00e9 en main, sans charge de gestion pour votre \u00e9quipe.<\/p>\t\t\t\t\t\t\t\t<\/div>\n\t\t\t\t<\/div>\n\t\t\t\t<\/div>\n\t\t<div class=\"elementor-element elementor-element-9f84e30 e-flex e-con-boxed e-con e-parent\" data-id=\"9f84e30\" data-element_type=\"container\">\n\t\t\t\t\t<div class=\"e-con-inner\">\n\t\t\t\t<div class=\"elementor-element elementor-element-dca425b elementor-widget elementor-widget-text-editor\" data-id=\"dca425b\" data-element_type=\"widget\" data-widget_type=\"text-editor.default\">\n\t\t\t\t<div class=\"elementor-widget-container\">\n\t\t\t\t\t\t\t\t\t<p><strong>Pr\u00eats \u00e0 faire bouger vos r\u00e9sidents ?\u00a0<\/strong><\/p>\t\t\t\t\t\t\t\t<\/div>\n\t\t\t\t<\/div>\n\t\t\t\t\t<\/div>\n\t\t\t\t<\/div>\n\t\t<div class=\"elementor-element elementor-element-d4a68a9 e-flex e-con-boxed e-con e-parent\" data-id=\"d4a68a9\" data-element_type=\"container\">\n\t\t\t\t\t<div class=\"e-con-inner\">\n\t\t\t\t<div class=\"elementor-element elementor-element-ef679ea elementor-align-center elementor-widget elementor-widget-button\" data-id=\"ef679ea\" data-element_type=\"widget\" data-widget_type=\"button.default\">\n\t\t\t\t<div class=\"elementor-widget-container\">\n\t\t\t\t\t\t\t\t\t<div class=\"elementor-button-wrapper\">\n\t\t\t\t\t<a class=\"elementor-button elementor-button-link elementor-size-sm\" href=\"#\">\n\t\t\t\t\t\t<span class=\"elementor-button-content-wrapper\">\n\t\t\t\t\t\t\t\t\t<span class=\"elementor-button-text\">CONTACTEZ-NOUS<\/span>\n\t\t\t\t\t<\/span>\n\t\t\t\t\t<\/a>\n\t\t\t\t<\/div>\n\t\t\t\t\t\t\t\t<\/div>\n\t\t\t\t<\/div>\n\t\t\t\t\t<\/div>\n\t\t\t\t<\/div>\n\t\t\t\t<\/div>","protected":false},"excerpt":{"rendered":"<p>SERVICES POUR A\u00ceN\u00c9S Avec l\u2019\u00e2ge, maintenir un mode de vie actif devient un \u00e9l\u00e9ment cl\u00e9 pour pr\u00e9server la mobilit\u00e9, l\u2019autonomie et le bien-\u00eatre global. Dans les r\u00e9sidences pour a\u00een\u00e9s, offrir des activit\u00e9s physiques adapt\u00e9es contribue directement \u00e0 la qualit\u00e9 de vie des r\u00e9sidents, tant sur le plan physique que mental. Il est reconnu que l\u2019activit\u00e9 [&hellip;]<\/p>","protected":false},"author":4,"featured_media":0,"parent":0,"menu_order":0,"comment_status":"closed","ping_status":"closed","template":"elementor_header_footer","meta":{"inline_featured_image":false,"footnotes":""},"class_list":["post-1787","page","type-page","status-publish","hentry"],"_links":{"self":[{"href":"https:\/\/boostfitplus.com\/en\/wp-json\/wp\/v2\/pages\/1787","targetHints":{"allow":["GET"]}}],"collection":[{"href":"https:\/\/boostfitplus.com\/en\/wp-json\/wp\/v2\/pages"}],"about":[{"href":"https:\/\/boostfitplus.com\/en\/wp-json\/wp\/v2\/types\/page"}],"author":[{"embeddable":true,"href":"https:\/\/boostfitplus.com\/en\/wp-json\/wp\/v2\/users\/4"}],"replies":[{"embeddable":true,"href":"https:\/\/boostfitplus.com\/en\/wp-json\/wp\/v2\/comments?post=1787"}],"version-history":[{"count":19,"href":"https:\/\/boostfitplus.com\/en\/wp-json\/wp\/v2\/pages\/1787\/revisions"}],"predecessor-version":[{"id":1827,"href":"https:\/\/boostfitplus.com\/en\/wp-json\/wp\/v2\/pages\/1787\/revisions\/1827"}],"wp:attachment":[{"href":"https:\/\/boostfitplus.com\/en\/wp-json\/wp\/v2\/media?parent=1787"}],"curies":[{"name":"wp","href":"https:\/\/api.w.org\/{rel}","templated":true}]}}